{"id":2615,"date":"2025-10-18T15:12:49","date_gmt":"2025-10-18T15:12:49","guid":{"rendered":"https:\/\/makadaleau.com\/?page_id=2615"},"modified":"2025-12-16T15:39:14","modified_gmt":"2025-12-16T15:39:14","slug":"terms-conditions","status":"publish","type":"page","link":"https:\/\/makadaleau.com\/fr\/terms-conditions","title":{"rendered":"Termes et Conditions"},"content":{"rendered":"<div data-elementor-type=\"wp-page\" data-elementor-id=\"2615\" class=\"elementor elementor-2615\">\n\t\t\t\t<div class=\"elementor-element elementor-element-e5cf8d5 e-flex e-con-boxed e-con e-parent\" data-id=\"e5cf8d5\" data-element_type=\"container\">\n\t\t\t\t\t<div class=\"e-con-inner\">\n\t\t\t\t<div class=\"elementor-element elementor-element-151a769 elementor-widget elementor-widget-heading\" data-id=\"151a769\" data-element_type=\"widget\" data-widget_type=\"heading.default\">\n\t\t\t\t<div class=\"elementor-widget-container\">\n\t\t\t\t\t<h2 class=\"elementor-heading-title elementor-size-default\">Termes et Conditions<\/h2>\t\t\t\t<\/div>\n\t\t\t\t<\/div>\n\t\t\t\t\t<\/div>\n\t\t\t\t<\/div>\n\t\t<div class=\"elementor-element elementor-element-badd8ab e-flex e-con-boxed e-con e-parent\" data-id=\"badd8ab\" data-element_type=\"container\">\n\t\t\t\t\t<div class=\"e-con-inner\">\n\t\t\t\t<div class=\"elementor-element elementor-element-d7fcb92 elementor-widget elementor-widget-text-editor\" data-id=\"d7fcb92\" data-element_type=\"widget\" data-widget_type=\"text-editor.default\">\n\t\t\t\t<div class=\"elementor-widget-container\">\n\t\t\t\t\t\t\t\t\t<p class=\"cvGsUA direction-ltr align-center para-style-body translation-block\">Bienvenue au <strong>Makadal\u2019Eau Boutique Resort<\/strong>, situ\u00e9 \u00e0 San Juan, Siquijor, aux Philippines. En effectuant une r\u00e9servation ou en s\u00e9journant au Makadal\u2019Eau, vous acceptez les termes et conditions suivants.<\/p>\t\t\t\t\t\t\t\t<\/div>\n\t\t\t\t<\/div>\n\t\t\t\t\t<\/div>\n\t\t\t\t<\/div>\n\t\t<div class=\"elementor-element elementor-element-0c5c428 e-flex e-con-boxed e-con e-parent\" data-id=\"0c5c428\" data-element_type=\"container\">\n\t\t\t\t\t<div class=\"e-con-inner\">\n\t\t\t\t<div class=\"elementor-element elementor-element-4baa489 elementor-widget elementor-widget-heading\" data-id=\"4baa489\" data-element_type=\"widget\" data-widget_type=\"heading.default\">\n\t\t\t\t<div class=\"elementor-widget-container\">\n\t\t\t\t\t<h3 class=\"elementor-heading-title elementor-size-default\">1. Port\u00e9e et Application<\/h3>\t\t\t\t<\/div>\n\t\t\t\t<\/div>\n\t\t\t\t\t<\/div>\n\t\t\t\t<\/div>\n\t\t<div class=\"elementor-element elementor-element-c601f90 e-flex e-con-boxed e-con e-parent\" data-id=\"c601f90\" data-element_type=\"container\">\n\t\t\t\t\t<div class=\"e-con-inner\">\n\t\t\t\t<div class=\"elementor-element elementor-element-3fb8b39 elementor-widget elementor-widget-text-editor\" data-id=\"3fb8b39\" data-element_type=\"widget\" data-widget_type=\"text-editor.default\">\n\t\t\t\t<div class=\"elementor-widget-container\">\n\t\t\t\t\t\t\t\t\t<p><span class=\"a_GcMg font-feature-liga-off font-feature-clig-off font-feature-calt-off text-decoration-none text-strikethrough-none\">Les pr\u00e9sentes conditions s\u2019appliquent \u00e0 toutes les r\u00e9servations effectu\u00e9es directement via notre site officiel ou par l\u2019interm\u00e9diaire de plateformes tierces (Airbnb, Booking.com\u2026).\nEn cas de divergence, les conditions de la plateforme par laquelle la r\u00e9servation a \u00e9t\u00e9 effectu\u00e9e pr\u00e9vaudront.<\/span><\/p>\t\t\t\t\t\t\t\t<\/div>\n\t\t\t\t<\/div>\n\t\t\t\t\t<\/div>\n\t\t\t\t<\/div>\n\t\t<div class=\"elementor-element elementor-element-31cc462 e-flex e-con-boxed e-con e-parent\" data-id=\"31cc462\" data-element_type=\"container\">\n\t\t\t\t\t<div class=\"e-con-inner\">\n\t\t\t\t<div class=\"elementor-element elementor-element-a867862 elementor-widget elementor-widget-heading\" data-id=\"a867862\" data-element_type=\"widget\" data-widget_type=\"heading.default\">\n\t\t\t\t<div class=\"elementor-widget-container\">\n\t\t\t\t\t<h3 class=\"elementor-heading-title elementor-size-default\">2. R\u00e9servations et Paiements<\/h3>\t\t\t\t<\/div>\n\t\t\t\t<\/div>\n\t\t\t\t\t<\/div>\n\t\t\t\t<\/div>\n\t\t<div class=\"elementor-element elementor-element-9005620 e-flex e-con-boxed e-con e-parent\" data-id=\"9005620\" data-element_type=\"container\">\n\t\t\t\t\t<div class=\"e-con-inner\">\n\t\t\t\t<div class=\"elementor-element elementor-element-bf7e263 elementor-widget elementor-widget-text-editor\" data-id=\"bf7e263\" data-element_type=\"widget\" data-widget_type=\"text-editor.default\">\n\t\t\t\t<div class=\"elementor-widget-container\">\n\t\t\t\t\t\t\t\t\t<p>\u2705 <strong>Les r\u00e9servations directes (via notre site internet)<\/strong> n\u00e9cessitent <strong>un acompte de 30%<\/strong> au moment de la r\u00e9servation pour confirmer celle-ci.<br \/>\u2705 Le solde restant est payable <strong>\u00e0 l'arriv\u00e9e<\/strong>.<br \/>\u2705 <strong>Moyens de paiement accept\u00e9s<\/strong>: virement bancaire, PayPal, Revolut ou GCash.<br \/>\u2705 <strong>Les r\u00e9servations effectu\u00e9es via Airbnb ou Booking.com<\/strong> sont soumises aux conditions de paiement propres \u00e0 ces plateformes.<\/p><p>Tous les tarifs sont indiqu\u00e9s en euros (EUR) et incluent les taxes applicables, sauf mention contraire.<\/p>\t\t\t\t\t\t\t\t<\/div>\n\t\t\t\t<\/div>\n\t\t\t\t\t<\/div>\n\t\t\t\t<\/div>\n\t\t<div class=\"elementor-element elementor-element-8b868b7 e-flex e-con-boxed e-con e-parent\" data-id=\"8b868b7\" data-element_type=\"container\">\n\t\t\t\t\t<div class=\"e-con-inner\">\n\t\t\t\t<div class=\"elementor-element elementor-element-10d8d10 elementor-widget elementor-widget-heading\" data-id=\"10d8d10\" data-element_type=\"widget\" data-widget_type=\"heading.default\">\n\t\t\t\t<div class=\"elementor-widget-container\">\n\t\t\t\t\t<h3 class=\"elementor-heading-title elementor-size-default\">3. Annulations et Remboursements<\/h3>\t\t\t\t<\/div>\n\t\t\t\t<\/div>\n\t\t\t\t\t<\/div>\n\t\t\t\t<\/div>\n\t\t<div class=\"elementor-element elementor-element-3a65736 e-flex e-con-boxed e-con e-parent\" data-id=\"3a65736\" data-element_type=\"container\">\n\t\t\t\t\t<div class=\"e-con-inner\">\n\t\t\t\t<div class=\"elementor-element elementor-element-ccfaba0 elementor-widget elementor-widget-text-editor\" data-id=\"ccfaba0\" data-element_type=\"widget\" data-widget_type=\"text-editor.default\">\n\t\t\t\t<div class=\"elementor-widget-container\">\n\t\t\t\t\t\t\t\t\t<p>\u2705 <strong>R\u00e9servations directes<\/strong>: l'acompte de 30% n'est <strong>pas remboursable<\/strong> en cas d'annulation, quelle qu'en soit la raison.<br \/>\u2705 <strong>R\u00e9servations via plateformes tierces<\/strong>: veuillez suivre les politiques d'annulation d'Airbnb ou de Booking.com.<br \/>\u2705 En cas de non-pr\u00e9sentation sans pr\u00e9avis d'au moins 72 heures, le montant total de la r\u00e9servation pourra \u00eatre factur\u00e9. Les r\u00e9servations tardives (moins de 72 heures avant l'arriv\u00e9e) ne sont pas \u00e9ligibles et peuvent \u00eatre factur\u00e9es int\u00e9gralement.<\/p>\t\t\t\t\t\t\t\t<\/div>\n\t\t\t\t<\/div>\n\t\t\t\t\t<\/div>\n\t\t\t\t<\/div>\n\t\t<div class=\"elementor-element elementor-element-280aea8 e-flex e-con-boxed e-con e-parent\" data-id=\"280aea8\" data-element_type=\"container\">\n\t\t\t\t\t<div class=\"e-con-inner\">\n\t\t\t\t<div class=\"elementor-element elementor-element-e82583a elementor-widget elementor-widget-heading\" data-id=\"e82583a\" data-element_type=\"widget\" data-widget_type=\"heading.default\">\n\t\t\t\t<div class=\"elementor-widget-container\">\n\t\t\t\t\t<h3 class=\"elementor-heading-title elementor-size-default\">4. Arriv\u00e9e et D\u00e9part<\/h3>\t\t\t\t<\/div>\n\t\t\t\t<\/div>\n\t\t\t\t\t<\/div>\n\t\t\t\t<\/div>\n\t\t<div class=\"elementor-element elementor-element-cbaad94 e-flex e-con-boxed e-con e-parent\" data-id=\"cbaad94\" data-element_type=\"container\">\n\t\t\t\t\t<div class=\"e-con-inner\">\n\t\t\t\t<div class=\"elementor-element elementor-element-8f3e6bd elementor-widget elementor-widget-text-editor\" data-id=\"8f3e6bd\" data-element_type=\"widget\" data-widget_type=\"text-editor.default\">\n\t\t\t\t<div class=\"elementor-widget-container\">\n\t\t\t\t\t\t\t\t\t<p>\u2705 <strong>Arriv\u00e9e<\/strong>: \u00e0 partir de 14h00 jusqu'\u00e0 17h00 (flexible pour les arriv\u00e9es tardives <strong>sur notification pr\u00e9alable<\/strong>).<br \/>\u2705 <strong>D\u00e9part<\/strong>: avant 11h00<\/p><p>Les clients souhaitant prolonger leur s\u00e9jour doivent en informer la r\u00e9ception \u00e0 l\u2019avance et cela reste soumis \u00e0 la disponibilit\u00e9 des chambres.<\/p>\t\t\t\t\t\t\t\t<\/div>\n\t\t\t\t<\/div>\n\t\t\t\t\t<\/div>\n\t\t\t\t<\/div>\n\t\t<div class=\"elementor-element elementor-element-a0b15b7 e-flex e-con-boxed e-con e-parent\" data-id=\"a0b15b7\" data-element_type=\"container\">\n\t\t\t\t\t<div class=\"e-con-inner\">\n\t\t\t\t<div class=\"elementor-element elementor-element-2004a64 elementor-widget elementor-widget-heading\" data-id=\"2004a64\" data-element_type=\"widget\" data-widget_type=\"heading.default\">\n\t\t\t\t<div class=\"elementor-widget-container\">\n\t\t\t\t\t<h3 class=\"elementor-heading-title elementor-size-default\">5. R\u00e8gles de la Maison<\/h3>\t\t\t\t<\/div>\n\t\t\t\t<\/div>\n\t\t\t\t\t<\/div>\n\t\t\t\t<\/div>\n\t\t<div class=\"elementor-element elementor-element-b8b3129 e-flex e-con-boxed e-con e-parent\" data-id=\"b8b3129\" data-element_type=\"container\">\n\t\t\t\t\t<div class=\"e-con-inner\">\n\t\t\t\t<div class=\"elementor-element elementor-element-79362d0 elementor-widget elementor-widget-text-editor\" data-id=\"79362d0\" data-element_type=\"widget\" data-widget_type=\"text-editor.default\">\n\t\t\t\t<div class=\"elementor-widget-container\">\n\t\t\t\t\t\t\t\t\t<p>Afin d\u2019assurer le confort et la s\u00e9curit\u00e9 de tous nos clients, merci de respecter les r\u00e8gles suivantes:<\/p><p>\u2705\u00a0<strong>Adultes uniquement<\/strong> \u2013 notre \u00e9tablissement est r\u00e9serv\u00e9e aux personnes de 16 ans et plus.<br \/>\u2705 <strong>Interdiction de fumer<\/strong> dans les chambres ou des espaces clos.<br \/>\u2705 <strong>Les animaux<\/strong> ne sont pas admis dans l'\u00e9tablissement.<br \/>\u2705 <strong>Heures calmes<\/strong>: de 22h00 \u00e0 08h00.<br \/>\u2705 Veuillez <strong>\u00e9teindre<\/strong> les climatisations, ventilateurs et lumi\u00e8res quand vous quittez la chambre.<br \/>\u2705 Les draps et essuies sont r\u00e9serv\u00e9s pour un usage dans notre \u00e9tablissement uniquement; il est\u00a0<strong>interdit<\/strong> de les emmener \u00e0 la plage.<br \/>\u2705 Les invit\u00e9s ext\u00e9rieurs et \u00e9v\u00e9nements ou f\u00eates ne sont pas autoris\u00e9s.<br \/>\u2705 Il n'est pas autoris\u00e9 de cuisiner dans les chambres ou au sein du resort.<br \/>\u2705 Prenez soin des meubles, draps et \u00e9quipements comme si c'\u00e9tait les v\u00f4tres.<\/p>\t\t\t\t\t\t\t\t<\/div>\n\t\t\t\t<\/div>\n\t\t\t\t\t<\/div>\n\t\t\t\t<\/div>\n\t\t<div class=\"elementor-element elementor-element-d20b19a e-flex e-con-boxed e-con e-parent\" data-id=\"d20b19a\" data-element_type=\"container\">\n\t\t\t\t\t<div class=\"e-con-inner\">\n\t\t\t\t<div class=\"elementor-element elementor-element-26d3b1e elementor-widget elementor-widget-heading\" data-id=\"26d3b1e\" data-element_type=\"widget\" data-widget_type=\"heading.default\">\n\t\t\t\t<div class=\"elementor-widget-container\">\n\t\t\t\t\t<h3 class=\"elementor-heading-title elementor-size-default\">6. S\u00e9curit\u00e9 \u00e0 la Piscine<\/h3>\t\t\t\t<\/div>\n\t\t\t\t<\/div>\n\t\t\t\t\t<\/div>\n\t\t\t\t<\/div>\n\t\t<div class=\"elementor-element elementor-element-c6c5480 e-flex e-con-boxed e-con e-parent\" data-id=\"c6c5480\" data-element_type=\"container\">\n\t\t\t\t\t<div class=\"e-con-inner\">\n\t\t\t\t<div class=\"elementor-element elementor-element-706fc89 elementor-widget elementor-widget-text-editor\" data-id=\"706fc89\" data-element_type=\"widget\" data-widget_type=\"text-editor.default\">\n\t\t\t\t<div class=\"elementor-widget-container\">\n\t\t\t\t\t\t\t\t\t<p>Notre piscine \u00e0 <strong>une profondeur maximale de 3 m\u00e8tres<\/strong>, principalement con\u00e7ue pour l'entra\u00eenement de plong\u00e9e. Les clients utilisent la piscine <strong>\u00e0 leurs propres risques<\/strong>.<\/p><p>\u2705 Aucun ma\u00eetre-nageur n'est pr\u00e9sent.<br \/>\u2705 La plong\u00e9e est interdite sauf si vous \u00eates form\u00e9 et autoris\u00e9.<br \/>\u2705 Il est interdit de courir ou de jouer brusquement autour de la piscine.<\/p>\t\t\t\t\t\t\t\t<\/div>\n\t\t\t\t<\/div>\n\t\t\t\t\t<\/div>\n\t\t\t\t<\/div>\n\t\t<div class=\"elementor-element elementor-element-f94325e e-flex e-con-boxed e-con e-parent\" data-id=\"f94325e\" data-element_type=\"container\">\n\t\t\t\t\t<div class=\"e-con-inner\">\n\t\t\t\t<div class=\"elementor-element elementor-element-eedd29f elementor-widget elementor-widget-heading\" data-id=\"eedd29f\" data-element_type=\"widget\" data-widget_type=\"heading.default\">\n\t\t\t\t<div class=\"elementor-widget-container\">\n\t\t\t\t\t<h3 class=\"elementor-heading-title elementor-size-default\">7. Responsabilit\u00e9 Environnementale<\/h3>\t\t\t\t<\/div>\n\t\t\t\t<\/div>\n\t\t\t\t\t<\/div>\n\t\t\t\t<\/div>\n\t\t<div class=\"elementor-element elementor-element-e8612e9 e-flex e-con-boxed e-con e-parent\" data-id=\"e8612e9\" data-element_type=\"container\">\n\t\t\t\t\t<div class=\"e-con-inner\">\n\t\t\t\t<div class=\"elementor-element elementor-element-82a70cc elementor-widget elementor-widget-text-editor\" data-id=\"82a70cc\" data-element_type=\"widget\" data-widget_type=\"text-editor.default\">\n\t\t\t\t<div class=\"elementor-widget-container\">\n\t\t\t\t\t\t\t\t\t<p>Makadal\u2019Eau fonctionne dans le respect de l\u2019\u00eele et de son environnement naturel.\nAfin de prot\u00e9ger notre syst\u00e8me septique et l\u2019\u00e9cosyst\u00e8me local:<\/p><p>\u2705 Veuillez <strong>ne pas jeter de papiers toilettes, de protections hygi\u00e9niques ou d'autres objets<\/strong> dans les toilettes.<br \/>\u2705 Utilisez les poubelles pr\u00e9vues \u00e0 cet effet.<br \/>\u2705 Aidez-nous \u00e0 \u00e9conomiser l'\u00e9nergie en utilisant la climatisation avec mod\u00e9ration.<\/p><p>Notre resort est partiellement aliment\u00e9 par <strong>l'\u00e9nergie solaire<\/strong>; nous vous remercions de soutenir nos efforts en mati\u00e8re de durabilit\u00e9.<\/p>\t\t\t\t\t\t\t\t<\/div>\n\t\t\t\t<\/div>\n\t\t\t\t\t<\/div>\n\t\t\t\t<\/div>\n\t\t<div class=\"elementor-element elementor-element-8e2f38e e-flex e-con-boxed e-con e-parent\" data-id=\"8e2f38e\" data-element_type=\"container\">\n\t\t\t\t\t<div class=\"e-con-inner\">\n\t\t\t\t<div class=\"elementor-element elementor-element-eaa7f88 elementor-widget elementor-widget-heading\" data-id=\"eaa7f88\" data-element_type=\"widget\" data-widget_type=\"heading.default\">\n\t\t\t\t<div class=\"elementor-widget-container\">\n\t\t\t\t\t<h3 class=\"elementor-heading-title elementor-size-default\">8. Responsabilit\u00e9 et Dommages<\/h3>\t\t\t\t<\/div>\n\t\t\t\t<\/div>\n\t\t\t\t\t<\/div>\n\t\t\t\t<\/div>\n\t\t<div class=\"elementor-element elementor-element-9c05738 e-flex e-con-boxed e-con e-parent\" data-id=\"9c05738\" data-element_type=\"container\">\n\t\t\t\t\t<div class=\"e-con-inner\">\n\t\t\t\t<div class=\"elementor-element elementor-element-5403c77 elementor-widget elementor-widget-text-editor\" data-id=\"5403c77\" data-element_type=\"widget\" data-widget_type=\"text-editor.default\">\n\t\t\t\t<div class=\"elementor-widget-container\">\n\t\t\t\t\t\t\t\t\t<p>Les clients sont responsables de tout <strong>dommage ou perte<\/strong> caus\u00e9 \u00e0 la propri\u00e9t\u00e9 du resort pendant leur s\u00e9jour.<br \/>Makadal'Eau d\u00e9cline toute responsabilit\u00e9 en cas de:<\/p><p>\u2705 Perte, vol ou d\u00e9t\u00e9rioration des effets personnels,<br \/>\u2705 Accidents ou blessures r\u00e9sultant d'une n\u00e9gligence ou du non-respect des consignes de s\u00e9curit\u00e9.<\/p><p>Les clients sont invit\u00e9s \u00e0 d\u00e9poser leurs objets de valeur dans le <strong>coffre-fort disponible dans la chambre<\/strong>.<\/p>\t\t\t\t\t\t\t\t<\/div>\n\t\t\t\t<\/div>\n\t\t\t\t\t<\/div>\n\t\t\t\t<\/div>\n\t\t<div class=\"elementor-element elementor-element-1cb6d42 e-flex e-con-boxed e-con e-parent\" data-id=\"1cb6d42\" data-element_type=\"container\">\n\t\t\t\t\t<div class=\"e-con-inner\">\n\t\t\t\t<div class=\"elementor-element elementor-element-741509f elementor-widget elementor-widget-heading\" data-id=\"741509f\" data-element_type=\"widget\" data-widget_type=\"heading.default\">\n\t\t\t\t<div class=\"elementor-widget-container\">\n\t\t\t\t\t<h3 class=\"elementor-heading-title elementor-size-default\">9. Force Majeure<\/h3>\t\t\t\t<\/div>\n\t\t\t\t<\/div>\n\t\t\t\t\t<\/div>\n\t\t\t\t<\/div>\n\t\t<div class=\"elementor-element elementor-element-5acb695 e-flex e-con-boxed e-con e-parent\" data-id=\"5acb695\" data-element_type=\"container\">\n\t\t\t\t\t<div class=\"e-con-inner\">\n\t\t\t\t<div class=\"elementor-element elementor-element-4c6a7a6 elementor-widget elementor-widget-text-editor\" data-id=\"4c6a7a6\" data-element_type=\"widget\" data-widget_type=\"text-editor.default\">\n\t\t\t\t<div class=\"elementor-widget-container\">\n\t\t\t\t\t\t\t\t\t<p>Makadal\u2019Eau ne saurait \u00eatre tenu responsable des annulations, retards ou interruptions de service caus\u00e9s par des \u00e9v\u00e9nements ind\u00e9pendants de sa volont\u00e9, notamment catastrophes naturelles, pannes de courant ou restrictions gouvernementales.<\/p>\t\t\t\t\t\t\t\t<\/div>\n\t\t\t\t<\/div>\n\t\t\t\t\t<\/div>\n\t\t\t\t<\/div>\n\t\t<div class=\"elementor-element elementor-element-7619b0c e-flex e-con-boxed e-con e-parent\" data-id=\"7619b0c\" data-element_type=\"container\">\n\t\t\t\t\t<div class=\"e-con-inner\">\n\t\t\t\t<div class=\"elementor-element elementor-element-cd90a4e elementor-widget elementor-widget-heading\" data-id=\"cd90a4e\" data-element_type=\"widget\" data-widget_type=\"heading.default\">\n\t\t\t\t<div class=\"elementor-widget-container\">\n\t\t\t\t\t<h3 class=\"elementor-heading-title elementor-size-default\">10. Droit Applicable<\/h3>\t\t\t\t<\/div>\n\t\t\t\t<\/div>\n\t\t\t\t\t<\/div>\n\t\t\t\t<\/div>\n\t\t<div class=\"elementor-element elementor-element-33294d3 e-flex e-con-boxed e-con e-parent\" data-id=\"33294d3\" data-element_type=\"container\">\n\t\t\t\t\t<div class=\"e-con-inner\">\n\t\t\t\t<div class=\"elementor-element elementor-element-ccc5ae9 elementor-widget elementor-widget-text-editor\" data-id=\"ccc5ae9\" data-element_type=\"widget\" data-widget_type=\"text-editor.default\">\n\t\t\t\t<div class=\"elementor-widget-container\">\n\t\t\t\t\t\t\t\t\t<p>Les pr\u00e9sentes conditions g\u00e9n\u00e9rales sont r\u00e9gies par les lois de la <strong>R\u00e9publique des Philippines<\/strong>.<br \/>Tout litige sera soumis \u00e0 la comp\u00e9tence des tribunaux de la province de Siquijor.<\/p>\t\t\t\t\t\t\t\t<\/div>\n\t\t\t\t<\/div>\n\t\t\t\t\t<\/div>\n\t\t\t\t<\/div>\n\t\t<div class=\"elementor-element elementor-element-c5cd7d7 e-flex e-con-boxed e-con e-parent\" data-id=\"c5cd7d7\" data-element_type=\"container\">\n\t\t\t\t\t<div class=\"e-con-inner\">\n\t\t\t\t<div class=\"elementor-element elementor-element-ad5c917 elementor-widget elementor-widget-heading\" data-id=\"ad5c917\" data-element_type=\"widget\" data-widget_type=\"heading.default\">\n\t\t\t\t<div class=\"elementor-widget-container\">\n\t\t\t\t\t<h3 class=\"elementor-heading-title elementor-size-default\">11. Contact<\/h3>\t\t\t\t<\/div>\n\t\t\t\t<\/div>\n\t\t\t\t\t<\/div>\n\t\t\t\t<\/div>\n\t\t<div class=\"elementor-element elementor-element-7746378 e-flex e-con-boxed e-con e-parent\" data-id=\"7746378\" data-element_type=\"container\">\n\t\t\t\t\t<div class=\"e-con-inner\">\n\t\t\t\t<div class=\"elementor-element elementor-element-bdd98ab elementor-widget elementor-widget-text-editor\" data-id=\"bdd98ab\" data-element_type=\"widget\" data-widget_type=\"text-editor.default\">\n\t\t\t\t<div class=\"elementor-widget-container\">\n\t\t\t\t\t\t\t\t\t<p><strong>Makadal&#8217;Eau Boutique Resort<\/strong><br \/>Circumferential road<br \/>San Juan, Siquijor 6227, Philippines<br \/>\u260e +63 968 189 8910<br \/>\ud83d\udce7 makadaleau@gmail.com<\/p>\t\t\t\t\t\t\t\t<\/div>\n\t\t\t\t<\/div>\n\t\t\t\t\t<\/div>\n\t\t\t\t<\/div>\n\t\t\t\t<\/div>","protected":false},"excerpt":{"rendered":"<p>Terms &amp; Conditions Welcome to Makadal&#8217;Eau Boutique Resort, located in San Juan, Siquijor, Philippines. By making a reservation or staying at Makadal&#8217;Eau, you agree to the following terms and conditions. 1. Scope and Application These Terms &amp; Conditions apply to all reservations made directly through our official website or through third-party platforms (Airbnb, Booking.com&#8230;). In [&hellip;]<\/p>","protected":false},"author":1,"featured_media":0,"parent":0,"menu_order":0,"comment_status":"closed","ping_status":"closed","template":"","meta":{"site-sidebar-layout":"no-sidebar","site-content-layout":"page-builder","ast-site-content-layout":"full-width-container","site-content-style":"default","site-sidebar-style":"default","ast-global-header-display":"","ast-banner-title-visibility":"","ast-main-header-display":"","ast-hfb-above-header-display":"","ast-hfb-below-header-display":"","ast-hfb-mobile-header-display":"","site-post-title":"disabled","ast-breadcrumbs-content":"","ast-featured-img":"disabled","footer-sml-layout":"","theme-transparent-header-meta":"","adv-header-id-meta":"","stick-header-meta":"","header-above-stick-meta":"","header-main-stick-meta":"","header-below-stick-meta":"","astra-migrate-meta-layouts":"set","ast-page-background-enabled":"default","ast-page-background-meta":{"desktop":{"background-color":"","background-image":"","background-repeat":"repeat","background-position":"center center","background-size":"auto","background-attachment":"scroll","background-type":"","background-media":"","overlay-type":"","overlay-color":"","overlay-opacity":"","overlay-gradient":""},"tablet":{"background-color":"","background-image":"","background-repeat":"repeat","background-position":"center center","background-size":"auto","background-attachment":"scroll","background-type":"","background-media":"","overlay-type":"","overlay-color":"","overlay-opacity":"","overlay-gradient":""},"mobile":{"background-color":"","background-image":"","background-repeat":"repeat","background-position":"center center","background-size":"auto","background-attachment":"scroll","background-type":"","background-media":"","overlay-type":"","overlay-color":"","overlay-opacity":"","overlay-gradient":""}},"ast-content-background-meta":{"desktop":{"background-color":"var(--ast-global-color-5)","background-image":"","background-repeat":"repeat","background-position":"center center","background-size":"auto","background-attachment":"scroll","background-type":"","background-media":"","overlay-type":"","overlay-color":"","overlay-opacity":"","overlay-gradient":""},"tablet":{"background-color":"var(--ast-global-color-5)","background-image":"","background-repeat":"repeat","background-position":"center center","background-size":"auto","background-attachment":"scroll","background-type":"","background-media":"","overlay-type":"","overlay-color":"","overlay-opacity":"","overlay-gradient":""},"mobile":{"background-color":"var(--ast-global-color-5)","background-image":"","background-repeat":"repeat","background-position":"center center","background-size":"auto","background-attachment":"scroll","background-type":"","background-media":"","overlay-type":"","overlay-color":"","overlay-opacity":"","overlay-gradient":""}},"footnotes":""},"class_list":["post-2615","page","type-page","status-publish","hentry"],"_links":{"self":[{"href":"https:\/\/makadaleau.com\/fr\/wp-json\/wp\/v2\/pages\/2615","targetHints":{"allow":["GET"]}}],"collection":[{"href":"https:\/\/makadaleau.com\/fr\/wp-json\/wp\/v2\/pages"}],"about":[{"href":"https:\/\/makadaleau.com\/fr\/wp-json\/wp\/v2\/types\/page"}],"author":[{"embeddable":true,"href":"https:\/\/makadaleau.com\/fr\/wp-json\/wp\/v2\/users\/1"}],"replies":[{"embeddable":true,"href":"https:\/\/makadaleau.com\/fr\/wp-json\/wp\/v2\/comments?post=2615"}],"version-history":[{"count":22,"href":"https:\/\/makadaleau.com\/fr\/wp-json\/wp\/v2\/pages\/2615\/revisions"}],"predecessor-version":[{"id":2865,"href":"https:\/\/makadaleau.com\/fr\/wp-json\/wp\/v2\/pages\/2615\/revisions\/2865"}],"wp:attachment":[{"href":"https:\/\/makadaleau.com\/fr\/wp-json\/wp\/v2\/media?parent=2615"}],"curies":[{"name":"wp","href":"https:\/\/api.w.org\/{rel}","templated":true}]}}